{"id":92,"date":"2026-02-03T20:09:16","date_gmt":"2026-02-03T20:09:16","guid":{"rendered":"https:\/\/loopey.ee\/?page_id=92"},"modified":"2026-02-04T00:39:46","modified_gmt":"2026-02-04T00:39:46","slug":"loopey-avaleht","status":"publish","type":"page","link":"https:\/\/loopey.ee\/en\/","title":{"rendered":"Loopey Avaleht"},"content":{"rendered":"<div class=\"wp-block-group alignfull is-style-ext-preset--group--natural-1--section has-background-background-color has-background has-global-padding is-layout-constrained wp-container-core-group-is-layout-e955bbaf wp-block-group-is-layout-constrained is-style-ext-preset--group--natural-1--section--1\" style=\"margin-top:0;margin-bottom:0;padding-top:var(--wp--preset--spacing--70);padding-bottom:var(--wp--preset--spacing--70)\">\n<div class=\"wp-block-group alignwide is-vertical is-content-justification-center is-layout-flex wp-container-core-group-is-layout-c9ee0c5a wp-block-group-is-layout-flex\">\n<div class=\"wp-block-group has-global-padding is-layout-constrained wp-container-core-group-is-layout-5e05634a wp-block-group-is-layout-constrained\">\n<h2 class=\"wp-block-heading has-text-align-center\">Avastage mugav tellimine ja usaldusv\u00e4\u00e4rsed lahendused<\/h2>\n\n\n\n<p class=\"has-text-align-center\">Siit leiate kiire \u00fclevaate meie tellimisp\u00f5hise e-kaubanduse peamistest eelistest ja erip\u00e4radest.<\/p>\n<\/div>\n<\/div>\n\n\n\n<div class=\"wp-block-columns alignwide is-layout-flex wp-container-core-columns-is-layout-08c01c1c wp-block-columns-is-layout-flex\">\n<div class=\"wp-block-column is-vertically-aligned-stretch is-layout-flow wp-container-core-column-is-layout-f5bb311e wp-block-column-is-layout-flow\">\n<div class=\"wp-block-group is-style-ext-preset--group--natural-1--item-card-1--align-center has-global-padding is-layout-constrained wp-block-group-is-layout-constrained is-style-ext-preset--group--natural-1--item-card-1--align-center--2\">\n<figure class=\"wp-block-image aligncenter size-large ext-aspect-landscape\"><img loading=\"lazy\" decoding=\"async\" width=\"1440\" height=\"720\" src=\"https:\/\/loopey.ee\/wp-content\/uploads\/2026\/02\/448f807a6969fb66f9eeb424f048870af7e875a5.jpg\" alt=\"\" class=\"wp-image-102\" style=\"aspect-ratio:4\/3;object-fit:cover\" srcset=\"https:\/\/loopey.ee\/wp-content\/uploads\/2026\/02\/448f807a6969fb66f9eeb424f048870af7e875a5.jpg 1440w, https:\/\/loopey.ee\/wp-content\/uploads\/2026\/02\/448f807a6969fb66f9eeb424f048870af7e875a5-300x150.jpg 300w, https:\/\/loopey.ee\/wp-content\/uploads\/2026\/02\/448f807a6969fb66f9eeb424f048870af7e875a5-1024x512.jpg 1024w, https:\/\/loopey.ee\/wp-content\/uploads\/2026\/02\/448f807a6969fb66f9eeb424f048870af7e875a5-768x384.jpg 768w, https:\/\/loopey.ee\/wp-content\/uploads\/2026\/02\/448f807a6969fb66f9eeb424f048870af7e875a5-18x9.jpg 18w, https:\/\/loopey.ee\/wp-content\/uploads\/2026\/02\/448f807a6969fb66f9eeb424f048870af7e875a5-600x300.jpg 600w\" sizes=\"auto, (max-width: 1440px) 100vw, 1440px\" \/><\/figure>\n\n\n\n<div class=\"wp-block-group is-style-default has-global-padding is-layout-constrained wp-block-group-is-layout-constrained\">\n<h3 class=\"wp-block-heading has-text-align-center\">Automaatne ja lihtne tellimiss\u00fcsteem<\/h3>\n\n\n\n<p class=\"has-text-align-center\">Meie platvorm s\u00e4\u00e4stab teie aega, v\u00f5imaldades mugavat igap\u00e4evaste tarbekaupade p\u00fcsitellimust, mis tagab sujuva ja probleemivaba tarne.<\/p>\n<\/div>\n<\/div>\n<\/div>\n\n\n\n<div class=\"wp-block-column is-vertically-aligned-stretch is-layout-flow wp-container-core-column-is-layout-f5bb311e wp-block-column-is-layout-flow\">\n<div class=\"wp-block-group is-style-ext-preset--group--natural-1--item-card-1--align-center has-global-padding is-layout-constrained wp-block-group-is-layout-constrained is-style-ext-preset--group--natural-1--item-card-1--align-center--3\">\n<figure class=\"wp-block-image aligncenter size-large ext-aspect-landscape\"><img loading=\"lazy\" decoding=\"async\" width=\"1440\" height=\"960\" src=\"https:\/\/loopey.ee\/wp-content\/uploads\/2026\/02\/4186355a9cfd8e187c7644336a8f1353e27bcb79.jpg\" alt=\"\" class=\"wp-image-103\" style=\"aspect-ratio:4\/3;object-fit:cover\" srcset=\"https:\/\/loopey.ee\/wp-content\/uploads\/2026\/02\/4186355a9cfd8e187c7644336a8f1353e27bcb79.jpg 1440w, https:\/\/loopey.ee\/wp-content\/uploads\/2026\/02\/4186355a9cfd8e187c7644336a8f1353e27bcb79-300x200.jpg 300w, https:\/\/loopey.ee\/wp-content\/uploads\/2026\/02\/4186355a9cfd8e187c7644336a8f1353e27bcb79-1024x683.jpg 1024w, https:\/\/loopey.ee\/wp-content\/uploads\/2026\/02\/4186355a9cfd8e187c7644336a8f1353e27bcb79-768x512.jpg 768w, https:\/\/loopey.ee\/wp-content\/uploads\/2026\/02\/4186355a9cfd8e187c7644336a8f1353e27bcb79-18x12.jpg 18w, https:\/\/loopey.ee\/wp-content\/uploads\/2026\/02\/4186355a9cfd8e187c7644336a8f1353e27bcb79-600x400.jpg 600w\" sizes=\"auto, (max-width: 1440px) 100vw, 1440px\" \/><\/figure>\n\n\n\n<div class=\"wp-block-group is-style-default has-global-padding is-layout-constrained wp-block-group-is-layout-constrained\">\n<h3 class=\"wp-block-heading has-text-align-center\">Paindlik valik nii eraisikutele kui ettev\u00f5tetele<\/h3>\n\n\n\n<p class=\"has-text-align-center\">Loopey kohandub teie vajadustega, pakkudes valikut valmis pakettidest v\u00f5i \u00fcksikutest toodetest, mis sobivad igale kliendile.<\/p>\n<\/div>\n<\/div>\n<\/div>\n\n\n\n<div class=\"wp-block-column is-vertically-aligned-stretch is-layout-flow wp-container-core-column-is-layout-f5bb311e wp-block-column-is-layout-flow\">\n<div class=\"wp-block-group is-style-ext-preset--group--natural-1--item-card-1--align-center has-global-padding is-layout-constrained wp-block-group-is-layout-constrained is-style-ext-preset--group--natural-1--item-card-1--align-center--4\">\n<figure class=\"wp-block-image aligncenter size-large ext-aspect-landscape\"><img loading=\"lazy\" decoding=\"async\" width=\"1440\" height=\"960\" src=\"https:\/\/loopey.ee\/wp-content\/uploads\/2026\/02\/a626684d8d54aec6e5ea2fedfecf21d279ac0b1b.jpg\" alt=\"\" class=\"wp-image-75\" style=\"aspect-ratio:4\/3;object-fit:cover\" srcset=\"https:\/\/loopey.ee\/wp-content\/uploads\/2026\/02\/a626684d8d54aec6e5ea2fedfecf21d279ac0b1b.jpg 1440w, https:\/\/loopey.ee\/wp-content\/uploads\/2026\/02\/a626684d8d54aec6e5ea2fedfecf21d279ac0b1b-300x200.jpg 300w, https:\/\/loopey.ee\/wp-content\/uploads\/2026\/02\/a626684d8d54aec6e5ea2fedfecf21d279ac0b1b-1024x683.jpg 1024w, https:\/\/loopey.ee\/wp-content\/uploads\/2026\/02\/a626684d8d54aec6e5ea2fedfecf21d279ac0b1b-768x512.jpg 768w, https:\/\/loopey.ee\/wp-content\/uploads\/2026\/02\/a626684d8d54aec6e5ea2fedfecf21d279ac0b1b-18x12.jpg 18w, https:\/\/loopey.ee\/wp-content\/uploads\/2026\/02\/a626684d8d54aec6e5ea2fedfecf21d279ac0b1b-600x400.jpg 600w\" sizes=\"auto, (max-width: 1440px) 100vw, 1440px\" \/><\/figure>\n\n\n\n<div class=\"wp-block-group is-style-default has-global-padding is-layout-constrained wp-block-group-is-layout-constrained\">\n<h3 class=\"wp-block-heading\">Kasutajas\u00f5bralik ja praktiline veebipood<\/h3>\n\n\n\n<p class=\"has-text-align-center\">Meie platvorm on loodud lihtsustama tellimisprotsessi, pakkudes intuitiivset disaini ja usaldusv\u00e4\u00e4rset klienditeenindust.<\/p>\n<\/div>\n<\/div>\n<\/div>\n<\/div>\n\n\n\n<div class=\"wp-block-buttons is-content-justification-center is-layout-flex wp-container-core-buttons-is-layout-a89b3969 wp-block-buttons-is-layout-flex\">\n<div class=\"wp-block-button is-style-ext-preset--button--natural-1--button-1 is-style-ext-preset--button--natural-1--button-1--5\"><a class=\"wp-block-button__link wp-element-button\" href=\"#\">Loe edasi<\/a><\/div>\n<\/div>\n<\/div>\n\n\n\n<div class=\"wp-block-media-text alignwide has-media-on-the-right is-stacked-on-mobile is-image-fill-element is-style-ext-preset--media-text--natural-1--card-1 has-background-background-color has-background is-style-ext-preset--media-text--natural-1--card-1--6\"><div class=\"wp-block-media-text__content\">\n<div class=\"wp-block-group alignwide is-vertical is-layout-flex wp-container-core-group-is-layout-53474e87 wp-block-group-is-layout-flex\" style=\"padding-top:var(--wp--preset--spacing--60);padding-bottom:var(--wp--preset--spacing--60)\">\n<div class=\"wp-block-group has-global-padding is-layout-constrained wp-container-core-group-is-layout-812d5580 wp-block-group-is-layout-constrained\" style=\"padding-top:0;padding-right:0;padding-bottom:0;padding-left:0\">\n<h2 class=\"wp-block-heading\">Alusta oma igap\u00e4evaseid oste mugavalt Loopeyga<\/h2>\n\n\n\n<p>Vali endale sobiv lahendus, telli p\u00fcsitellimus ja naudi lihtsustatud tarneid \u2013 muudame igap\u00e4evaelu mugavamaks ja sujuvamaks.<\/p>\n<\/div>\n\n\n\n<div class=\"wp-block-buttons is-layout-flex wp-block-buttons-is-layout-flex\">\n<div class=\"wp-block-button is-style-ext-preset--button--natural-1--button-1 is-style-ext-preset--button--natural-1--button-1--7\"><a class=\"wp-block-button__link wp-element-button\" href=\"https:\/\/loopey.ee\/en\/pood\/\">Tutvu valikuga<\/a><\/div>\n<\/div>\n<\/div>\n<\/div><figure class=\"wp-block-media-text__media\"><img loading=\"lazy\" decoding=\"async\" width=\"1440\" height=\"720\" src=\"https:\/\/loopey.ee\/wp-content\/uploads\/2026\/02\/448f807a6969fb66f9eeb424f048870af7e875a5.jpg\" alt=\"\" class=\"wp-image-102 size-full\" style=\"object-position:50% 50%\" srcset=\"https:\/\/loopey.ee\/wp-content\/uploads\/2026\/02\/448f807a6969fb66f9eeb424f048870af7e875a5.jpg 1440w, https:\/\/loopey.ee\/wp-content\/uploads\/2026\/02\/448f807a6969fb66f9eeb424f048870af7e875a5-300x150.jpg 300w, https:\/\/loopey.ee\/wp-content\/uploads\/2026\/02\/448f807a6969fb66f9eeb424f048870af7e875a5-1024x512.jpg 1024w, https:\/\/loopey.ee\/wp-content\/uploads\/2026\/02\/448f807a6969fb66f9eeb424f048870af7e875a5-768x384.jpg 768w, https:\/\/loopey.ee\/wp-content\/uploads\/2026\/02\/448f807a6969fb66f9eeb424f048870af7e875a5-18x9.jpg 18w, https:\/\/loopey.ee\/wp-content\/uploads\/2026\/02\/448f807a6969fb66f9eeb424f048870af7e875a5-600x300.jpg 600w\" sizes=\"auto, (max-width: 1440px) 100vw, 1440px\" \/><\/figure><\/div>\n\n\n\n<div class=\"wp-block-group alignfull is-style-ext-preset--group--natural-1--section has-tertiary-background-color has-background has-global-padding is-layout-constrained wp-container-core-group-is-layout-e955bbaf wp-block-group-is-layout-constrained is-style-ext-preset--group--natural-1--section--8\" style=\"margin-top:0;margin-bottom:0;padding-top:var(--wp--preset--spacing--70);padding-bottom:var(--wp--preset--spacing--70)\">\n<div class=\"wp-block-group alignwide is-vertical is-layout-flex wp-container-core-group-is-layout-c35747d5 wp-block-group-is-layout-flex\">\n<div class=\"wp-block-group has-global-padding is-layout-constrained wp-container-core-group-is-layout-5e05634a wp-block-group-is-layout-constrained\">\n<h2 class=\"wp-block-heading\">Kuidas Loopey t\u00f6\u00f6tab<\/h2>\n\n\n\n<p>Selles jaotises tutvustame samm-sammult, kuidas tellida ja mugavalt tarbekaubad oma igap\u00e4evaellu tuua.<\/p>\n<\/div>\n<\/div>\n\n\n\n<div class=\"wp-block-columns alignwide is-layout-flex wp-container-core-columns-is-layout-08c01c1c wp-block-columns-is-layout-flex\">\n<div class=\"wp-block-column is-vertically-aligned-stretch is-layout-flow wp-container-core-column-is-layout-f5bb311e wp-block-column-is-layout-flow\">\n<div class=\"wp-block-group is-style-ext-preset--group--natural-1--item-card-1--align-start has-global-padding is-layout-constrained wp-block-group-is-layout-constrained is-style-ext-preset--group--natural-1--item-card-1--align-start--9\">\n<div class=\"wp-block-group is-style-default has-global-padding is-layout-constrained wp-block-group-is-layout-constrained\">\n<figure class=\"wp-block-image size-large ext-aspect-landscape wp-duotone-primary-foreground\"><img decoding=\"async\" src=\"data:image\/svg+xml;base64,PHN2ZyB4bWxucz0iaHR0cDovL3d3dy53My5vcmcvMjAwMC9zdmciIHdpZHRoPSI0OCIgaGVpZ2h0PSI0OCIgZmlsbD0iIzAwMDAwMCIgdmlld0JveD0iMCAwIDI1NiAyNTYiPjxwYXRoIGQ9Ik0xMjgsMjRBMTA0LDEwNCwwLDEsMCwyMzIsMTI4LDEwNC4xMSwxMDQuMTEsMCwwLDAsMTI4LDI0Wm0wLDE5MmE4OCw4OCwwLDEsMSw4OC04OEE4OC4xLDg4LjEsMCwwLDEsMTI4LDIxNlpNMTQwLDgwdjk2YTgsOCwwLDAsMS0xNiwwVjk1bC0xMS41Niw3LjcxYTgsOCwwLDEsMS04Ljg4LTEzLjMybDI0LTE2QTgsOCwwLDAsMSwxNDAsODBaIj48L3BhdGg+PC9zdmc+\" alt=\"\" style=\"object-fit:cover\"\/><\/figure>\n\n\n\n<h3 class=\"wp-block-heading\">Samm 1: Tellimuse loomine<\/h3>\n\n\n\n<p>Alustame lihtsast registreerimisest ja sobiva tellimuse valimisest nii eraisikutele kui ettev\u00f5tetele.<\/p>\n<\/div>\n<\/div>\n<\/div>\n\n\n\n<div class=\"wp-block-column is-vertically-aligned-stretch is-layout-flow wp-container-core-column-is-layout-f5bb311e wp-block-column-is-layout-flow\">\n<div class=\"wp-block-group is-style-ext-preset--group--natural-1--item-card-1--align-start has-global-padding is-layout-constrained wp-block-group-is-layout-constrained is-style-ext-preset--group--natural-1--item-card-1--align-start--10\">\n<div class=\"wp-block-group is-style-default has-global-padding is-layout-constrained wp-block-group-is-layout-constrained\">\n<figure class=\"wp-block-image size-large ext-aspect-landscape wp-duotone-primary-foreground\"><img decoding=\"async\" src=\"data:image\/svg+xml;base64,PHN2ZyB4bWxucz0iaHR0cDovL3d3dy53My5vcmcvMjAwMC9zdmciIHdpZHRoPSI0OCIgaGVpZ2h0PSI0OCIgZmlsbD0iIzAwMDAwMCIgdmlld0JveD0iMCAwIDI1NiAyNTYiPjxwYXRoIGQ9Ik0xMjgsMjRBMTA0LDEwNCwwLDEsMCwyMzIsMTI4LDEwNC4xMSwxMDQuMTEsMCwwLDAsMTI4LDI0Wm0wLDE5MmE4OCw4OCwwLDEsMSw4OC04OEE4OC4xLDg4LjEsMCwwLDEsMTI4LDIxNlptMjUuNTYtOTIuNzRMMTIwLDE2OGgzMmE4LDgsMCwwLDEsMCwxNkgxMDRhOCw4LDAsMCwxLTYuNC0xMi44bDQzLjE3LTU3LjU2YTE2LDE2LDAsMSwwLTI3Ljg2LTE1LDgsOCwwLDAsMS0xNS4wOS01LjM0LDMyLDMyLDAsMSwxLDU1Ljc0LDI5LjkzWiI+PC9wYXRoPjwvc3ZnPg==\" alt=\"\" style=\"object-fit:cover\"\/><\/figure>\n\n\n\n<h3 class=\"wp-block-heading\">Samm 2: Tellimuse kohandamine<\/h3>\n\n\n\n<p>Valige valmis box v\u00f5i koostage oma tooted, et saada just teile sobiv tarne.<\/p>\n<\/div>\n<\/div>\n<\/div>\n\n\n\n<div class=\"wp-block-column is-vertically-aligned-stretch is-layout-flow wp-container-core-column-is-layout-f5bb311e wp-block-column-is-layout-flow\">\n<div class=\"wp-block-group is-style-ext-preset--group--natural-1--item-card-1--align-start has-global-padding is-layout-constrained wp-block-group-is-layout-constrained is-style-ext-preset--group--natural-1--item-card-1--align-start--11\">\n<div class=\"wp-block-group is-style-default has-global-padding is-layout-constrained wp-block-group-is-layout-constrained\">\n<figure class=\"wp-block-image size-large ext-aspect-landscape wp-duotone-primary-foreground\"><img decoding=\"async\" src=\"data:image\/svg+xml;base64,PHN2ZyB4bWxucz0iaHR0cDovL3d3dy53My5vcmcvMjAwMC9zdmciIHdpZHRoPSI0OCIgaGVpZ2h0PSI0OCIgZmlsbD0iIzAwMDAwMCIgdmlld0JveD0iMCAwIDI1NiAyNTYiPjxwYXRoIGQ9Ik0xMjgsMjRBMTA0LDEwNCwwLDEsMCwyMzIsMTI4LDEwNC4xMSwxMDQuMTEsMCwwLDAsMTI4LDI0Wm0wLDE5MmE4OCw4OCwwLDEsMSw4OC04OEE4OC4xLDg4LjEsMCwwLDEsMTI4LDIxNlptMzItNjRhMzYsMzYsMCwwLDEtNjEuNzEsMjUuMTlBOCw4LDAsMSwxLDEwOS43MSwxNjYsMjAsMjAsMCwxLDAsMTI0LDEzMmE4LDgsMCwwLDEtNi41NS0xMi41OUwxMzYuNjMsOTJIMTA0YTgsOCwwLDAsMSwwLTE2aDQ4YTgsOCwwLDAsMSw2LjU1LDEyLjU5bC0yMSwzMEEzNi4wNywzNi4wNywwLDAsMSwxNjAsMTUyWiI+PC9wYXRoPjwvc3ZnPg==\" alt=\"\" style=\"object-fit:cover\"\/><\/figure>\n\n\n\n<h3 class=\"wp-block-heading\">Samm 3: Mugav ja automaatne tarne<\/h3>\n\n\n\n<p>Loopey hoolitseb, et teie valitud kaubad j\u00f5uaksid \u00f5igel ajal ja mugavalt koju, kontorisse v\u00f5i kuhu iganes.<\/p>\n<\/div>\n<\/div>\n<\/div>\n<\/div>\n<\/div>\n\n\n\n<div class=\"wp-block-group alignfull is-style-ext-preset--group--natural-1--section has-background-background-color has-background has-global-padding is-layout-constrained wp-container-core-group-is-layout-e955bbaf wp-block-group-is-layout-constrained is-style-ext-preset--group--natural-1--section--12\" style=\"margin-top:0;margin-bottom:0;padding-top:var(--wp--preset--spacing--70);padding-bottom:var(--wp--preset--spacing--70)\">\n<div class=\"wp-block-group alignwide is-vertical is-layout-flex wp-container-core-group-is-layout-c35747d5 wp-block-group-is-layout-flex\">\n<div class=\"wp-block-group has-global-padding is-layout-constrained wp-container-core-group-is-layout-5e05634a wp-block-group-is-layout-constrained\">\n<h2 class=\"wp-block-heading\">Avastage Loopey innovatiivsed v\u00f5imalused<\/h2>\n\n\n\n<p class=\"has-text-align-left\">Siin tutvustame meie platvormi unikaalseid eeliseid ja funktsioone, mis lihtsustavad igap\u00e4evaste tarbekaupade tellimist.<\/p>\n<\/div>\n<\/div>\n\n\n\n<div class=\"wp-block-columns alignwide is-layout-flex wp-container-core-columns-is-layout-87beb0d0 wp-block-columns-is-layout-flex\">\n<div class=\"wp-block-column is-vertically-aligned-stretch is-layout-flow wp-container-core-column-is-layout-119bc444 wp-block-column-is-layout-flow\">\n<div class=\"wp-block-media-text is-stacked-on-mobile is-image-fill-element is-style-ext-preset--media-text--natural-1--card-1 has-tertiary-background-color has-background is-style-ext-preset--media-text--natural-1--card-1--13\"><figure class=\"wp-block-media-text__media\"><img loading=\"lazy\" decoding=\"async\" width=\"1440\" height=\"960\" src=\"https:\/\/loopey.ee\/wp-content\/uploads\/2026\/02\/a626684d8d54aec6e5ea2fedfecf21d279ac0b1b.jpg\" alt=\"\" class=\"wp-image-75 size-full\" style=\"object-position:50% 50%\" srcset=\"https:\/\/loopey.ee\/wp-content\/uploads\/2026\/02\/a626684d8d54aec6e5ea2fedfecf21d279ac0b1b.jpg 1440w, https:\/\/loopey.ee\/wp-content\/uploads\/2026\/02\/a626684d8d54aec6e5ea2fedfecf21d279ac0b1b-300x200.jpg 300w, https:\/\/loopey.ee\/wp-content\/uploads\/2026\/02\/a626684d8d54aec6e5ea2fedfecf21d279ac0b1b-1024x683.jpg 1024w, https:\/\/loopey.ee\/wp-content\/uploads\/2026\/02\/a626684d8d54aec6e5ea2fedfecf21d279ac0b1b-768x512.jpg 768w, https:\/\/loopey.ee\/wp-content\/uploads\/2026\/02\/a626684d8d54aec6e5ea2fedfecf21d279ac0b1b-18x12.jpg 18w, https:\/\/loopey.ee\/wp-content\/uploads\/2026\/02\/a626684d8d54aec6e5ea2fedfecf21d279ac0b1b-600x400.jpg 600w\" sizes=\"auto, (max-width: 1440px) 100vw, 1440px\" \/><\/figure><div class=\"wp-block-media-text__content\">\n<div class=\"wp-block-group is-style-default has-global-padding is-layout-constrained wp-container-core-group-is-layout-9a7b35d3 wp-block-group-is-layout-constrained\" style=\"padding-top:var(--wp--preset--spacing--40);padding-right:var(--wp--preset--spacing--30);padding-bottom:var(--wp--preset--spacing--40);padding-left:var(--wp--preset--spacing--30)\">\n<h3 class=\"wp-block-heading\" style=\"font-size:clamp(15.747px, 0.984rem + ((1vw - 3.2px) * 0.86), 24px);\">Automaatne p\u00fcsitellimus<\/h3>\n\n\n\n<p class=\"has-small-font-size\">Seadistage mugavad korduvad tarned oma valitud toodetele.<\/p>\n<\/div>\n<\/div><\/div>\n<\/div>\n\n\n\n<div class=\"wp-block-column is-vertically-aligned-stretch is-layout-flow wp-container-core-column-is-layout-119bc444 wp-block-column-is-layout-flow\">\n<div class=\"wp-block-media-text is-stacked-on-mobile is-image-fill-element is-style-ext-preset--media-text--natural-1--card-1 has-tertiary-background-color has-background is-style-ext-preset--media-text--natural-1--card-1--14\"><figure class=\"wp-block-media-text__media\"><img loading=\"lazy\" decoding=\"async\" width=\"1440\" height=\"960\" src=\"https:\/\/loopey.ee\/wp-content\/uploads\/2026\/02\/4186355a9cfd8e187c7644336a8f1353e27bcb79.jpg\" alt=\"\" class=\"wp-image-103 size-full\" style=\"object-position:50% 50%\" srcset=\"https:\/\/loopey.ee\/wp-content\/uploads\/2026\/02\/4186355a9cfd8e187c7644336a8f1353e27bcb79.jpg 1440w, https:\/\/loopey.ee\/wp-content\/uploads\/2026\/02\/4186355a9cfd8e187c7644336a8f1353e27bcb79-300x200.jpg 300w, https:\/\/loopey.ee\/wp-content\/uploads\/2026\/02\/4186355a9cfd8e187c7644336a8f1353e27bcb79-1024x683.jpg 1024w, https:\/\/loopey.ee\/wp-content\/uploads\/2026\/02\/4186355a9cfd8e187c7644336a8f1353e27bcb79-768x512.jpg 768w, https:\/\/loopey.ee\/wp-content\/uploads\/2026\/02\/4186355a9cfd8e187c7644336a8f1353e27bcb79-18x12.jpg 18w, https:\/\/loopey.ee\/wp-content\/uploads\/2026\/02\/4186355a9cfd8e187c7644336a8f1353e27bcb79-600x400.jpg 600w\" sizes=\"auto, (max-width: 1440px) 100vw, 1440px\" \/><\/figure><div class=\"wp-block-media-text__content\">\n<div class=\"wp-block-group is-style-default has-global-padding is-layout-constrained wp-container-core-group-is-layout-9a7b35d3 wp-block-group-is-layout-constrained\" style=\"padding-top:var(--wp--preset--spacing--40);padding-right:var(--wp--preset--spacing--30);padding-bottom:var(--wp--preset--spacing--40);padding-left:var(--wp--preset--spacing--30)\">\n<h3 class=\"wp-block-heading\" style=\"font-size:clamp(15.747px, 0.984rem + ((1vw - 3.2px) * 0.86), 24px);\">Kohandatud valikud<\/h3>\n\n\n\n<p class=\"has-small-font-size\">Valige valmis box-paketid v\u00f5i koostage oma isiklik nimekiri.<\/p>\n<\/div>\n<\/div><\/div>\n<\/div>\n<\/div>\n\n\n\n<div class=\"wp-block-columns alignwide is-layout-flex wp-container-core-columns-is-layout-e12f0bcd wp-block-columns-is-layout-flex\" style=\"margin-top:var(--wp--preset--spacing--30)\">\n<div class=\"wp-block-column is-layout-flow wp-container-core-column-is-layout-119bc444 wp-block-column-is-layout-flow\">\n<div class=\"wp-block-media-text is-stacked-on-mobile is-image-fill-element is-style-ext-preset--media-text--natural-1--card-1 has-tertiary-background-color has-background is-style-ext-preset--media-text--natural-1--card-1--15\"><figure class=\"wp-block-media-text__media\"><img loading=\"lazy\" decoding=\"async\" width=\"1440\" height=\"962\" src=\"https:\/\/loopey.ee\/wp-content\/uploads\/2026\/02\/1109aae37b37b2cca16c0b81e78ebaf1d114ba58.jpg\" alt=\"\" class=\"wp-image-80 size-full\" style=\"object-position:50% 50%\" srcset=\"https:\/\/loopey.ee\/wp-content\/uploads\/2026\/02\/1109aae37b37b2cca16c0b81e78ebaf1d114ba58.jpg 1440w, https:\/\/loopey.ee\/wp-content\/uploads\/2026\/02\/1109aae37b37b2cca16c0b81e78ebaf1d114ba58-300x200.jpg 300w, https:\/\/loopey.ee\/wp-content\/uploads\/2026\/02\/1109aae37b37b2cca16c0b81e78ebaf1d114ba58-1024x684.jpg 1024w, https:\/\/loopey.ee\/wp-content\/uploads\/2026\/02\/1109aae37b37b2cca16c0b81e78ebaf1d114ba58-768x513.jpg 768w, https:\/\/loopey.ee\/wp-content\/uploads\/2026\/02\/1109aae37b37b2cca16c0b81e78ebaf1d114ba58-18x12.jpg 18w, https:\/\/loopey.ee\/wp-content\/uploads\/2026\/02\/1109aae37b37b2cca16c0b81e78ebaf1d114ba58-600x401.jpg 600w\" sizes=\"auto, (max-width: 1440px) 100vw, 1440px\" \/><\/figure><div class=\"wp-block-media-text__content\">\n<div class=\"wp-block-group is-style-default has-global-padding is-layout-constrained wp-container-core-group-is-layout-9a7b35d3 wp-block-group-is-layout-constrained\" style=\"padding-top:var(--wp--preset--spacing--40);padding-right:var(--wp--preset--spacing--30);padding-bottom:var(--wp--preset--spacing--40);padding-left:var(--wp--preset--spacing--30)\">\n<h3 class=\"wp-block-heading\" style=\"font-size:clamp(15.747px, 0.984rem + ((1vw - 3.2px) * 0.86), 24px);\">S\u00f5bralik kasutajaliides<\/h3>\n\n\n\n<p class=\"has-small-font-size\">Lihtne navigeerimine, mis aitab kiirelt leida sobivad tooted.<\/p>\n<\/div>\n<\/div><\/div>\n<\/div>\n\n\n\n<div class=\"wp-block-column is-layout-flow wp-container-core-column-is-layout-119bc444 wp-block-column-is-layout-flow\">\n<div class=\"wp-block-media-text is-stacked-on-mobile is-image-fill-element is-style-ext-preset--media-text--natural-1--card-1 has-tertiary-background-color has-background is-style-ext-preset--media-text--natural-1--card-1--16\"><figure class=\"wp-block-media-text__media\"><img loading=\"lazy\" decoding=\"async\" width=\"1440\" height=\"810\" src=\"https:\/\/loopey.ee\/wp-content\/uploads\/2026\/02\/53be27250f7fde792a0da3f35e6e697cfeb0b42d.jpg\" alt=\"\" class=\"wp-image-74 size-full\" style=\"object-position:50% 50%\" srcset=\"https:\/\/loopey.ee\/wp-content\/uploads\/2026\/02\/53be27250f7fde792a0da3f35e6e697cfeb0b42d.jpg 1440w, https:\/\/loopey.ee\/wp-content\/uploads\/2026\/02\/53be27250f7fde792a0da3f35e6e697cfeb0b42d-300x169.jpg 300w, https:\/\/loopey.ee\/wp-content\/uploads\/2026\/02\/53be27250f7fde792a0da3f35e6e697cfeb0b42d-1024x576.jpg 1024w, https:\/\/loopey.ee\/wp-content\/uploads\/2026\/02\/53be27250f7fde792a0da3f35e6e697cfeb0b42d-768x432.jpg 768w, https:\/\/loopey.ee\/wp-content\/uploads\/2026\/02\/53be27250f7fde792a0da3f35e6e697cfeb0b42d-18x10.jpg 18w, https:\/\/loopey.ee\/wp-content\/uploads\/2026\/02\/53be27250f7fde792a0da3f35e6e697cfeb0b42d-600x338.jpg 600w\" sizes=\"auto, (max-width: 1440px) 100vw, 1440px\" \/><\/figure><div class=\"wp-block-media-text__content\">\n<div class=\"wp-block-group is-style-default has-global-padding is-layout-constrained wp-container-core-group-is-layout-9a7b35d3 wp-block-group-is-layout-constrained\" style=\"padding-top:var(--wp--preset--spacing--40);padding-right:var(--wp--preset--spacing--30);padding-bottom:var(--wp--preset--spacing--40);padding-left:var(--wp--preset--spacing--30)\">\n<h3 class=\"wp-block-heading\" style=\"font-size:clamp(15.747px, 0.984rem + ((1vw - 3.2px) * 0.86), 24px);\">Erinevad kliendit\u00fc\u00fcbid<\/h3>\n\n\n\n<p class=\"has-small-font-size\">Teenused nii eraisikutele kui ka ettev\u00f5tetele vastavalt vajadustele.<\/p>\n<\/div>\n<\/div><\/div>\n<\/div>\n<\/div>\n<\/div>\n\n\n\n<div class=\"wp-block-group alignfull is-style-ext-preset--group--natural-1--section has-tertiary-background-color has-background has-global-padding is-layout-constrained wp-container-core-group-is-layout-e955bbaf wp-block-group-is-layout-constrained is-style-ext-preset--group--natural-1--section--17\" style=\"margin-top:0;margin-bottom:0;padding-top:var(--wp--preset--spacing--70);padding-bottom:var(--wp--preset--spacing--70)\"><\/div>","protected":false},"excerpt":{"rendered":"<p>Avastage mugav tellimine ja usaldusv\u00e4\u00e4rsed lahendused Siit leiate kiire \u00fclevaate meie tellimisp\u00f5hise e-kaubanduse peamistest eelistest ja erip\u00e4radest. Automaatne ja lihtne tellimiss\u00fcsteem Meie platvorm s\u00e4\u00e4stab teie aega, v\u00f5imaldades mugavat igap\u00e4evaste tarbekaupade p\u00fcsitellimust, mis tagab sujuva ja probleemivaba tarne. Paindlik valik nii eraisikutele kui ettev\u00f5tetele Loopey kohandub teie vajadustega, pakkudes valikut valmis pakettidest v\u00f5i \u00fcksikutest toodetest, mis [&hellip;]<\/p>\n","protected":false},"author":1,"featured_media":0,"parent":0,"menu_order":0,"comment_status":"closed","ping_status":"closed","template":"page-with-title","meta":{"_monsterinsights_skip_tracking":false,"_monsterinsights_sitenote_active":false,"_monsterinsights_sitenote_note":"","_monsterinsights_sitenote_category":0,"footnotes":""},"class_list":["post-92","page","type-page","status-publish","hentry"],"aioseo_notices":[],"_links":{"self":[{"href":"https:\/\/loopey.ee\/en\/wp-json\/wp\/v2\/pages\/92","targetHints":{"allow":["GET"]}}],"collection":[{"href":"https:\/\/loopey.ee\/en\/wp-json\/wp\/v2\/pages"}],"about":[{"href":"https:\/\/loopey.ee\/en\/wp-json\/wp\/v2\/types\/page"}],"author":[{"embeddable":true,"href":"https:\/\/loopey.ee\/en\/wp-json\/wp\/v2\/users\/1"}],"replies":[{"embeddable":true,"href":"https:\/\/loopey.ee\/en\/wp-json\/wp\/v2\/comments?post=92"}],"version-history":[{"count":5,"href":"https:\/\/loopey.ee\/en\/wp-json\/wp\/v2\/pages\/92\/revisions"}],"predecessor-version":[{"id":108,"href":"https:\/\/loopey.ee\/en\/wp-json\/wp\/v2\/pages\/92\/revisions\/108"}],"wp:attachment":[{"href":"https:\/\/loopey.ee\/en\/wp-json\/wp\/v2\/media?parent=92"}],"curies":[{"name":"wp","href":"https:\/\/api.w.org\/{rel}","templated":true}]}}